{"id":3,"date":"2024-03-22T13:01:19","date_gmt":"2024-03-22T13:01:19","guid":{"rendered":"https:\/\/www.designstaging.it\/?page_id=3"},"modified":"2024-12-03T11:37:52","modified_gmt":"2024-12-03T10:37:52","slug":"privacy-policy","status":"publish","type":"page","link":"https:\/\/www.designstaging.it\/en\/privacy-policy\/","title":{"rendered":"Privacy Policy"},"content":{"rendered":"<p><strong><u>Privacy Policy<\/u><\/strong><\/p>\n<p><strong><u>\u00a0<\/u><\/strong><\/p>\n<p>La Sig.ra<strong> Carlotta Ontani<\/strong>, 47032 Bertinoro (FC), Via Cellaimo 2299, P.IVA: 04468560406 (di seguito detto \u201c<strong>Titolare del trattamento<\/strong>\u201d o \u201c<strong>Titolare<\/strong>\u201d) si impegna costantemente per tutelare la privacy on-line delle persone fisiche durante la navigazione del sito web <a href=\"https:\/\/www.designstaging.it\/\">https:\/\/www.designstaging.it\/<\/a> (di seguito \u201c<strong>Sito Web<\/strong>\u201d) e di tutte le pagine riconducibili a tale dominio.<\/p>\n<p>Il presente documento descrive ogni aspetto relativo al trattamento dei Dati Personali operato nei confronti degli Utenti\/visitatori e fruitori dei servizi del Sito Web (di seguito anche detti \u201c<strong>Utenti<\/strong>\u201d o \u201c<strong>Interessati<\/strong>\u201d) conformemente a quanto previsto dall\u2019art. 13 del Regolamento UE n. 2016\/679 (di seguito \u201c<strong>Regolamento<\/strong>\u201d).<\/p>\n<p>&nbsp;<\/p>\n<ol>\n<li><strong><u>Titolare del trattamento <\/u><\/strong><\/li>\n<\/ol>\n<p><strong><u>\u00a0<\/u><\/strong><\/p>\n<p>La Sig.ra Carlotta Ontani, 47032 Bertinoro (FC), Via Cellaimo 2299, P.IVA: 04468560406, contattabile nelle modalit\u00e0 indicate alla voce \u201cContatti\u201d (cfr. art. 10).<\/p>\n<p>&nbsp;<\/p>\n<ol start=\"2\">\n<li><strong>Categorie di Dati Personali trattati<\/strong><\/li>\n<\/ol>\n<p><strong>\u00a0<\/strong><\/p>\n<p>Il presente sito web raccoglie, in modo autonomo o tramite l\u2019intervento di terze parti, le seguenti categorie di dati personali:<\/p>\n<p>&nbsp;<\/p>\n<ol>\n<li><strong>Dati di navigazione \/ di utilizzo<\/strong>: Informazioni raccolte durante la visita da parte dell\u2019utente al Sito Web (es. indirizzo IP, indirizzi di notazione URI, cronologia di navigazione, informazioni relative alle interazioni con il sito, informazioni relative all\u2019ambiente informatico dell\u2019utente, tipo e lingua del browser, sistema operativo, posizione, data e ora della richiesta). Si tratta di informazioni che non sono raccolte per essere associate a interessati identificati, ma che per loro stessa natura potrebbero, attraverso elaborazioni ed associazioni con dati detenuti da terzi, permettere di identificare gli utenti;<\/li>\n<li><strong>Cookie<\/strong>: I cookie sono piccoli file di testo che i siti visitati dall&#8217;utente inviano e registrano sul suo computer o dispositivo mobile, per essere poi ritrasmessi agli stessi siti alla successiva visita. Per maggiori informazioni l\u2019interessato potr\u00e0 consultare la \u201cCookie Policy\u201d.<\/li>\n<li><strong>Dati volontariamente comunicati dall\u2019utente<\/strong>: informazioni personali rilasciate volontariamente dall\u2019utente attraverso appositi moduli del Sito Web (es. registrazione\/log-in, area personale, dettagli di fatturazione\/spedizione, carrello\/check-out, pagamento, contatti, richiedi info, lavora con noi ecc.). Tali informazioni possono includere, a titolo esemplificativo: dati identificativi (nome, cognome, ecc.), dati di contatto (e-mail, telefono, cellulare), dati di fatturazione e spedizione (indirizzo di spedizione, indirizzo di residenza\/sede legale, C.F.\/P.IVA ecc.), dati relativi all\u2019occupazione e particolari categorie di dati personali (qualunque informazione personale, comprese particolari categorie di dati personali ex art. 9 GDPR, volontariamente comunicate dagli Interessati attraverso il campo dedicato all\u2019invio di un messaggio libero). Con riferimento a tali ipotesi, il Titolare invita l\u2019interessato a non inserire mai, salvo casi di assoluta necessit\u00e0, informazioni che possano rientrare nel novero delle categorie particolari di dati personali di cui all\u2019art. 9 del Regolamento \u201c [\u2026] dati personali che rivelino l\u2019origine razziale o etnica, le opinioni politiche, le convinzioni religiose o filosofiche, o l\u2019appartenenza sindacale, dati genetici, dati biometrici intesi a identificare in modo univoco una persona fisica, dati relativi alla salute o alla vita sessuale o all\u2019orientamento sessuale della persona\u201d. In caso di comunicazione da parte dell\u2019interessato di particolari categorie di dati personali ex art. 9 GDPR, l\u2019invio del messaggio recante tali informazioni verr\u00e0 equiparato ad esplicito consenso al trattamento dati personali ex artt. 6 (1)(a) &#8211; 9 (2)(a).<\/li>\n<\/ol>\n<p><strong>\u00a0<\/strong><\/p>\n<p>L&#8217;Utente si assume la responsabilit\u00e0 dei Dati Personali di terzi comunicati, pubblicati o diffusi mediante il presente Sito Web e garantisce di avere il diritto di comunicarli, pubblicarli o diffonderli, liberando il Titolare da qualsiasi responsabilit\u00e0 verso terzi.<\/p>\n<p>&nbsp;<\/p>\n<ol start=\"3\">\n<li><strong>Finalit\u00e0 del trattamento <\/strong><\/li>\n<\/ol>\n<p>&nbsp;<\/p>\n<p>Il Titolare utilizza i Dati Personali raccolti tramite il presente Sito Web per l\u2019esecuzione delle seguenti finalit\u00e0:<\/p>\n<p>&nbsp;<\/p>\n<ol>\n<li><strong>Fornitura del Servizio<\/strong>: rispondere alle richieste di informazioni pervenute tramite il Sito Web; valutare candidature e proposte di collaborazione, erogare contenuti e servizi oggetto del Sito Web; inviare all\u2019utente notifiche e aggiornamenti relativi al servizio richiesto\/acquistato.<\/li>\n<li><strong>Pagamento<\/strong>: Gestire il rapporto contrattuale con gli Utenti sotto il profilo economico;<\/li>\n<li><strong>Fatturazione<\/strong>: Gestire il rapporto contrattuale con gli Utenti sotto il profilo fiscale;<\/li>\n<li><strong>Garanzia di sicurezza, prevenzione di abusi e frodi, debug<\/strong>: monitorare e prevenire attivit\u00e0 fraudolente e garantire che i sistemi e i processi funzionino correttamente e in modo sicuro.<\/li>\n<li><strong>Analisi statistica<\/strong>: valutare le performance e l\u2019efficacia degli annunci visualizzati dall\u2019utente o con cui lo stesso interagisce; valutare le performance e l\u2019efficacia dei contenuti visualizzati dall\u2019utente o con cui lo stesso interagisce; effettuare ricerche di mercato per saperne di pi\u00f9 sul pubblico che visita il Sito Web e visualizza gli annunci presentati; perfezionare sistemi e software esistenti e sviluppare nuovi servizi e prodotti.<\/li>\n<li><strong>Annunci Basici<\/strong>: presentazione di \u201c<em>annunci pubblicitari basici<\/em>\u201d mostrati in base a caratteristiche generiche ed impersonali (es. contenuto visualizzato dall\u2019utente, app utilizzata, posizione approssimativa, tipo di dispositivo utilizzato).<\/li>\n<li><strong>Marketing diretto<\/strong>: Inviare all\u2019utente newsletter ed altre comunicazioni a carattere commerciale tramite e-mail ed altri sistemi di comunicazione tradizionali;<\/li>\n<li><strong>Profilazione e annunci\/contenuti personalizzati<\/strong>: Creazione automatizzata di un profilo basato su interessi, preferenze abitudini e comportamenti dell\u2019utente; presentazione di \u201c<em>contenuti personalizzati<\/em>\u201d mostrati sulla base del profilo relativo all\u2019utente; presentazione di \u201c<em>annunci pubblicitari personalizzati<\/em>\u201d mostrati sulla base del profilo relativo all\u2019utente.<\/li>\n<li><strong>Tutela giudiziale<\/strong>: garantire al Titolare la facolt\u00e0 di tutelare o esercitare un diritto in giudizio.<\/li>\n<li><strong>Obbligo di legge<\/strong>: adempiere ad un obbligo legale al quale sia soggetto il Titolare.<\/li>\n<li><strong>Comunicazione dei dati a terzi<\/strong>: trasmissione dei dati personali ad altri autonomi Titolari del trattamento a cui la comunicazione risulti necessaria per l\u2019erogazione del servizio richiesto dall\u2019interessato (es. venditori terzi e\/o drop-shipping, corrieri, ecc.).<\/li>\n<li><strong>Soft spam<\/strong>: inviare all\u2019utente comunicazioni a carattere commerciale, a mezzo e-mail, aventi ad oggetto servizi\/prodotti del Titolare, corrispondenti e\/o affini a quelli precedentemente acquistati.<\/li>\n<\/ol>\n<p>&nbsp;<\/p>\n<ol start=\"4\">\n<li><strong>Basi giuridiche del trattamento<\/strong><\/li>\n<\/ol>\n<p>&nbsp;<\/p>\n<p>Nel perseguimento delle finalit\u00e0 sopra esposte, Il Titolare tratta di dati personali sulla scorta delle seguenti basi legali:<\/p>\n<p>&nbsp;<\/p>\n<ul>\n<li><strong>Contratto\/Misure precontrattuali: <\/strong>il trattamento dei Dati Personali per le finalit\u00e0 di cui ai punti <strong>3(a)<\/strong>,<strong> 3(b)<\/strong>, <strong>3(k)<\/strong> si fonda sull\u2019art. 6 (1) (b) del Regolamento (\u201c[\u2026]<em>il trattamento \u00e8 necessario all\u2019esecuzione di un <\/em>contratto <em>di cui l\u2019interessato \u00e8 <\/em>parte o all\u2019esecuzione di misure precontrattuali<em> adottate su richiesta dello stesso\u201d<\/em>);<\/li>\n<li><strong>Consenso dell\u2019interessato:<\/strong> il trattamento dei Dati Personali per le finalit\u00e0 di cui ai punti <strong>3(e)<\/strong>, <strong>3(g)<\/strong>, <strong>3(h)<\/strong>, si fonda sull\u2019art. 6 (1) (a) del Regolamento (\u201c[\u2026]<em>l&#8217;interessato ha espresso il <\/em>consenso<em> al trattamento dei propri dati personali per una o pi\u00f9 specifiche finalit\u00e0\u201d<\/em>).<\/li>\n<\/ul>\n<p>Il consenso rilasciato dall\u2019utente \u00e8 libero e facoltativo e non pregiudica la fruizione degli ulteriori contenuti e servizi del Sito Web. Il consenso rilasciato \u00e8 sempre revocabile attraverso l\u2019apposito modulo di selezione delle preferenze sui cookie\/consensi, oppure contattando il Titolare ai recapiti indicati alla sezione [Contatti del Titolare];<\/p>\n<ul>\n<li><strong>Legittimo Interesse del Titolare: <\/strong>il trattamento dei Dati Personali per le finalit\u00e0 di cui ai punti <strong>3(d)<\/strong>, <strong>3(f)<\/strong>,<strong> 3(i)<\/strong>,<strong> 3(l)<\/strong>, si fonda sull\u2019art. 6 (1) (f) del Regolamento (\u201c[\u2026]<em>\u00a0il trattamento \u00e8 necessario per il perseguimento del <\/em>legittimo interesse <em>del Titolare del trattamento o di terzi\u201d<\/em>);<\/li>\n<li><strong>Obbligo legale<\/strong>: il trattamento dei Dati Personali per la finalit\u00e0 di cui al punto <strong>3(c)<\/strong>, <strong>(j)<\/strong>, si fonda sull\u2019art. 6 (1) (c) del Regolamento: (\u201c[\u2026] <em>il trattamento \u00e8 necessario per adempiere un obbligo legale al quale \u00e8 soggetto il titolare del trattamento<\/em>\u201d).<\/li>\n<\/ul>\n<p><u>\u00a0<\/u><\/p>\n<ol start=\"5\">\n<li><strong><u>Modalit\u00e0 del trattamento<\/u><\/strong><\/li>\n<\/ol>\n<p><strong><u>\u00a0<\/u><\/strong><\/p>\n<p>Il trattamento \u00e8 effettuato attraverso modalit\u00e0 manuali e\/o automatiche, anche tramite l\u2019ausilio di tecnologie informatiche e telematiche (es. CRM, software gestionali, servizi di messaggistica come WhatsApp, servizi di mailing list), previa applicazione di misure di scurezza tecniche e organizzative idonee a garantire la sicurezza, l\u2019integrit\u00e0 e la riservatezza, in modo da ridurre al minimo i rischi di distruzione o perdita, accesso non consentito, modifica e divulgazione non autorizzata nel rispetto delle modalit\u00e0 di cui all\u2019art. 32 del GDPR.<\/p>\n<p>&nbsp;<\/p>\n<ol start=\"6\">\n<li><strong><u>Trasferimento dei Dati Personali extra UE\/SEE<\/u><\/strong><\/li>\n<\/ol>\n<p><strong>\u00a0<\/strong><\/p>\n<p>Il Titolare non intende trasferire i Dati Personali al di fuori dello Spazio Economico Europeo. Qualora, tuttavia, per far fronte ad esigenze di natura organizzativa\/produttiva dovesse ravvisarne la necessit\u00e0, saranno adottate misure di garanzia per il trasferimento dei Dati Personali verso un Paese terzo, che, a seconda delle casistiche, potranno essere: verifica dell&#8217;esistenza di decisioni di adeguatezza della Commissione Europea, sottoscrizione di clausole contrattuali standard e\/o di norme vincolanti d\u2019impresa, verifica dell&#8217;adozione di eventuali misure supplementari in recepimento della raccomandazione 01\/2020 EDPB, adesione al Data Privacy Framework EU \u2013 U.S.<\/p>\n<p>&nbsp;<\/p>\n<ol start=\"7\">\n<li><strong><u>Periodi di conservazione<\/u><\/strong><\/li>\n<\/ol>\n<p><strong><u>\u00a0<\/u><\/strong><\/p>\n<p>Il Titolare conserva i Dati Personali solo per i periodi di tempo necessari al perseguimento delle finalit\u00e0 indicate all\u2019interno del presente documento, ovvero per le tempistiche previste da specifiche normative.<\/p>\n<p>In particolare:<\/p>\n<ul>\n<li>I Dati Personali trattati per la finalit\u00e0 di \u201c<em>Fornitura del servizio<\/em>\u201d saranno conservati per un periodo non superiore a 10 anni;<\/li>\n<li>I Dati Personali trattati per le finalit\u00e0 di \u201cPagamento\u201d e \u201cFatturazione\u201d saranno conservati per un periodo non superiore a 10 anni, come previsto dall\u2019art. 2220 c.c.<\/li>\n<li>I Dati Personali conservati per la finalit\u00e0 di adempimento di un \u201cObbligo Legale\u201d saranno conservati per il periodo previsto dalle specifiche normative cui dovesse risultare soggetto il Titolare del trattamento.<\/li>\n<li>I Dati Personali trattati per finalit\u00e0 di Marketing Diretto e\/o Soft Spam saranno conservati per un periodo non superiore a 2 anni, ovvero sino all\u2019eventuale revoca del consenso al trattamento e\/o opposizione al trattamento da parte dell\u2019interessato.<\/li>\n<li>La durata di persistenza dei singoli cookie \u00e8 riportata all\u2019interno della \u201cCookie Policy\u201d;<\/li>\n<li>\u00c8 fatta salva in ogni caso la possibilit\u00e0 per il Titolare di conservare i Dati Personali per il periodo di tempo previsto e ammesso dalla legge Italiana ai fini della \u201c<em>Tutela giudiziale<\/em>\u201d dei propri interessi (art. 2946 e 2947 c1, c.3 c.c.).<\/li>\n<\/ul>\n<p>Decorsi tali periodi di conservazione i Dati Personali saranno cancellati o resi anonimi, se non detenuti per ulteriori finalit\u00e0 in forza di idonee basi giuridiche.<\/p>\n<p>&nbsp;<\/p>\n<ol start=\"8\">\n<li><strong><u>Destinatari <\/u><\/strong><\/li>\n<\/ol>\n<p><strong><u>\u00a0<\/u><\/strong><\/p>\n<p>I Dati Personali raccolti dal Titolare del trattamento potranno essere comunicati o resi accessibili, per l\u2019esecuzione delle finalit\u00e0 sopra indicate, alle seguenti categorie di soggetti:<\/p>\n<ul>\n<li>Personale dipendente e collaboratori che coadiuvano il Titolare nelle operazioni di trattamento, previa espressa autorizzazione al trattamento ed eventuale sottoscrizione di accordi di riservatezza;<\/li>\n<li>Soggetti che erogano servizi in out sourcing per conto del Titolare, in qualit\u00e0 di Responsabili del trattamento: fornitori di servizi informatici e\/o in cloud, Gateway di pagamento (es. PayPal, Satispay, Stripe), servizi di messaggistica (es. WhatsApp), liberi professionisti, societ\u00e0 o studi professionali che prestano attivit\u00e0 di assistenza e consulenza al Titolare del trattamento, ovvero soggetti delegati a svolgere attivit\u00e0 di hosting e manutenzione tecnica, inclusa la manutenzione di software, degli apparati di rete e delle reti di comunicazione elettronica;<\/li>\n<li>Autonomi Titolari del trattamento a cui la comunicazione dei dati risulti necessaria ai fini dell\u2019erogazione del servizio richiesto dall\u2019interessato (es. corrieri e altri servizi di spedizione, venditori terzi, drop-shipping).<\/li>\n<li>Autonomi Titolari del trattamento nel perseguimento di finalit\u00e0 proprie, previo consenso dell\u2019interessato;<\/li>\n<li>Pubbliche autorit\u00e0, nel caso in cui tale comunicazione risulti obbligatoria per legge.<\/li>\n<\/ul>\n<p>&nbsp;<\/p>\n<ol start=\"9\">\n<li><strong><u>Diritti dell\u2019Interessato<\/u><\/strong><\/li>\n<\/ol>\n<p><strong><u>\u00a0<\/u><\/strong><\/p>\n<p>In ogni momento l\u2019Interessato potr\u00e0 accedere alle informazioni che lo riguardano e chiederne, la rettifica, la cancellazione, la limitazione del trattamento, e la portabilit\u00e0. Potr\u00e0 altres\u00ec opporsi in tutto o in parte al trattamento ed avere il diritto non essere soggetto ad un Processo decisionale automatizzato relativo alle persone fisiche, compresa la profilazione.<\/p>\n<p>Per esercitare i diritti di cui agli articoli 15-22 del GDPR, l\u2019Interessato potr\u00e0 contattare il Titolare del trattamento nei modi indicati nella sezione \u201cContatti\u201d (cfr. art. 10). Il Titolare del trattamento \u00e8 tenuto entro 1 mese a dare risposta alla richiesta, o a comunicare un eventuale ritardo nella risposta in caso di richieste numerose e\/o complesse (la proroga non pu\u00f2 comunque superare i 2 mesi). In ogni caso l\u2019Interessato ha sempre diritto di proporre reclamo all\u2019Autorit\u00e0 di Controllo competente (Garante per la Protezione dei Dati Personali), ai sensi dell\u2019art. 77 del Regolamento, qualora ritenga che il trattamento dei suoi Dati Personali sia contrario alla normativa in vigore.<\/p>\n<p>&nbsp;<\/p>\n<ol start=\"10\">\n<li><strong><u>Contatti<\/u><\/strong><\/li>\n<\/ol>\n<p><strong><u>\u00a0<\/u><\/strong><\/p>\n<p>Per ulteriori informazioni circa il trattamento sui Dati Personali operato in esecuzione del contratto, ovvero per avanzare una richiesta di esercizio diritti, \u00e8 possibile contattare il Titolare all\u2019indirizzo e-mail: <a href=\"mailto:info@designstaging.it\">info@designstaging.it<\/a><\/p>\n","protected":false},"excerpt":{"rendered":"<p>Privacy Policy \u00a0 La Sig.ra Carlotta Ontani, 47032 Bertinoro (FC), Via Cellaimo 2299, P.IVA: 04468560406 (di seguito detto \u201cTitolare del [&hellip;]<\/p>\n","protected":false},"author":3,"featured_media":0,"parent":0,"menu_order":0,"comment_status":"closed","ping_status":"open","template":"","meta":{"_acf_changed":false,"_seopress_robots_primary_cat":"","_seopress_titles_title":"","_seopress_titles_desc":"","_seopress_robots_index":"","footnotes":""},"class_list":["post-3","page","type-page","status-publish","hentry"],"acf":[],"_links":{"self":[{"href":"https:\/\/www.designstaging.it\/en\/wp-json\/wp\/v2\/pages\/3","targetHints":{"allow":["GET"]}}],"collection":[{"href":"https:\/\/www.designstaging.it\/en\/wp-json\/wp\/v2\/pages"}],"about":[{"href":"https:\/\/www.designstaging.it\/en\/wp-json\/wp\/v2\/types\/page"}],"author":[{"embeddable":true,"href":"https:\/\/www.designstaging.it\/en\/wp-json\/wp\/v2\/users\/3"}],"replies":[{"embeddable":true,"href":"https:\/\/www.designstaging.it\/en\/wp-json\/wp\/v2\/comments?post=3"}],"version-history":[{"count":0,"href":"https:\/\/www.designstaging.it\/en\/wp-json\/wp\/v2\/pages\/3\/revisions"}],"wp:attachment":[{"href":"https:\/\/www.designstaging.it\/en\/wp-json\/wp\/v2\/media?parent=3"}],"curies":[{"name":"wp","href":"https:\/\/api.w.org\/{rel}","templated":true}]}}