{"id":14934,"date":"2026-04-02T11:25:22","date_gmt":"2026-04-02T09:25:22","guid":{"rendered":"https:\/\/www.designstaging.it\/?post_type=product&#038;p=14934"},"modified":"2026-04-02T11:52:37","modified_gmt":"2026-04-02T09:52:37","slug":"set-di-5-applique-edison-in-ceramica-e-vetro-in-colori-pastello-design-valerio-sacchetti-per-sirrah-anni-80","status":"publish","type":"product","link":"https:\/\/www.designstaging.it\/en\/product\/set-di-5-applique-edison-in-ceramica-e-vetro-in-colori-pastello-design-valerio-sacchetti-per-sirrah-anni-80\/","title":{"rendered":"Set of 5 ceramic and glass \u2018Edison\u2019 wall sconces in pastel colours, design Valerio Sacchetti for Sirrah, 1980s"},"content":{"rendered":"","protected":false},"excerpt":{"rendered":"<p data-path-to-node=\"4\">Rarissimo set di cinque lampade da parete vintage modello &#8216;Edison&#8217;, disegnate da Valerio Sacchetti per la prestigiosa manifattura italiana Sirrah alla fine degli anni &#8217;80. Questi pezzi incarnano perfettamente l&#8217;estetica Postmoderna del periodo, giocando con volumi organici e colori dai toni pastello ((menta, azzurro, bianco, crema e rosa), che richiama l&#8217;estetica &#8216;Candy&#8217; e giocosa dei movimenti italiani anni &#8217;80 (stile Memphis\/Alchimia). La struttura \u00e8 realizzata in fine ceramica smaltata bianca, sormontata da un diffusore in vetro di Murano incamiciato opale in cinque tonalit\u00e0 diverse quali il rosa cipria, l&#8217;azzurro cielo, il verde menta, il color crema e il bianco latte ; questa particolare lavorazione del vetro permette di schermare la sorgente luminosa, garantendo una diffusione morbida e uniforme della luce ed evitando l&#8217;abbagliamento.. La struttura \u00e8 progettata con un&#8217;attenzione meticolosa alla durabilit\u00e0 e alla semplicit\u00e0 formale. Il corpo in vetro, dalla caratteristica forma a &#8216;fungo&#8217; o disco schiacciato, si innesta tramite una ghiera metallica sul solido supporto posteriore in ceramica. Questa base tecnica ospita il portalampada e garantisce un fissaggio a parete sicuro e isolato termicamente. L&#8217;estrema versatilit\u00e0 di questo set permette un&#8217;installazione creativa: possono essere disposte in linea in un corridoio, raggruppate come una composizione artistica su una parete, o utilizzate singolarmente in stanze diverse per creare un filo conduttore cromatico in tutta la casa. \u00a0Le applique si presentano in eccellenti condizioni e pronte per l&#8217;installazione. Si tratta di una soluzione d&#8217;arredo ideale per chi desidera integrare elementi di modernariato d&#8217;autore capaci di aggiungere una nota di colore soft e un&#8217;illuminazione d&#8217;atmosfera di alta qualit\u00e0 architettonica. La qualit\u00e0 costruttiva di Sirrah, azienda storica del design illuminotecnico italiano, assicura durabilit\u00e0 (a testimonianza le ottime condizioni degli oggetti nonostante il passare degli anni) e ricercatezza nei dettagli, come il sistema di aggancio a vite tra base e diffusore. Made in Italy.<\/p>","protected":false},"featured_media":14962,"comment_status":"open","ping_status":"closed","template":"","meta":{"_acf_changed":false,"_seopress_robots_primary_cat":"none","_seopress_titles_title":"","_seopress_titles_desc":"","_seopress_robots_index":""},"product_brand":[],"product_cat":[25,40,81],"product_tag":[109,71,27],"class_list":{"0":"post-14934","1":"product","2":"type-product","3":"status-publish","4":"has-post-thumbnail","6":"product_cat-illuminazione","7":"product_cat-lampade-da-parete","8":"product_cat-lampade-da-soffitto","9":"product_tag-iconico","10":"product_tag-noleggio","11":"product_tag-preloved","13":"first","14":"instock","15":"shipping-taxable","16":"purchasable","17":"product-type-simple"},"acf":[],"_links":{"self":[{"href":"https:\/\/www.designstaging.it\/en\/wp-json\/wp\/v2\/product\/14934","targetHints":{"allow":["GET"]}}],"collection":[{"href":"https:\/\/www.designstaging.it\/en\/wp-json\/wp\/v2\/product"}],"about":[{"href":"https:\/\/www.designstaging.it\/en\/wp-json\/wp\/v2\/types\/product"}],"replies":[{"embeddable":true,"href":"https:\/\/www.designstaging.it\/en\/wp-json\/wp\/v2\/comments?post=14934"}],"wp:featuredmedia":[{"embeddable":true,"href":"https:\/\/www.designstaging.it\/en\/wp-json\/wp\/v2\/media\/14962"}],"wp:attachment":[{"href":"https:\/\/www.designstaging.it\/en\/wp-json\/wp\/v2\/media?parent=14934"}],"wp:term":[{"taxonomy":"product_brand","embeddable":true,"href":"https:\/\/www.designstaging.it\/en\/wp-json\/wp\/v2\/product_brand?post=14934"},{"taxonomy":"product_cat","embeddable":true,"href":"https:\/\/www.designstaging.it\/en\/wp-json\/wp\/v2\/product_cat?post=14934"},{"taxonomy":"product_tag","embeddable":true,"href":"https:\/\/www.designstaging.it\/en\/wp-json\/wp\/v2\/product_tag?post=14934"}],"curies":[{"name":"wp","href":"https:\/\/api.w.org\/{rel}","templated":true}]}}